{"id":31,"date":"2019-03-20T19:32:09","date_gmt":"2019-03-20T19:32:09","guid":{"rendered":"http:\/\/michonindustriel.com\/?page_id=31"},"modified":"2019-04-19T16:36:29","modified_gmt":"2019-04-19T16:36:29","slug":"qui-sommes-nous","status":"publish","type":"page","link":"https:\/\/michonindustriel.com\/?page_id=31","title":{"rendered":"Qui sommes nous ?"},"content":{"rendered":"<p>[et_pb_section fb_built=\u00a0\u00bb1&Prime; fullwidth=\u00a0\u00bbon\u00a0\u00bb admin_label=\u00a0\u00bbHeader\u00a0\u00bb _builder_version=\u00a0\u00bb3.21.1&Prime; background_image=\u00a0\u00bbhttp:\/\/michonindustriel.com\/wp-content\/uploads\/2019\/03\/27174071_745162259025225_8034294533553177607_o.jpg\u00a0\u00bb custom_margin=\u00a0\u00bb|||\u00a0\u00bb custom_padding=\u00a0\u00bb|||\u00a0\u00bb][et_pb_fullwidth_header button_one_url=\u00a0\u00bb#\u00a0\u00bb button_two_url=\u00a0\u00bb#\u00a0\u00bb scroll_down_icon_size_last_edited=\u00a0\u00bbon|phone\u00a0\u00bb _builder_version=\u00a0\u00bb3.21.1&Prime; title_font=\u00a0\u00bbUbuntu|700|||||||\u00a0\u00bb title_text_color=\u00a0\u00bb#000000&Prime; title_font_size=\u00a0\u00bb70px\u00a0\u00bb title_font_size_tablet=\u00a0\u00bb35px\u00a0\u00bb title_font_size_phone=\u00a0\u00bb25px\u00a0\u00bb title_font_size_last_edited=\u00a0\u00bbon|phone\u00a0\u00bb title_line_height=\u00a0\u00bb1.2em\u00a0\u00bb content_font=\u00a0\u00bb|600|||||||\u00a0\u00bb content_text_color=\u00a0\u00bb#000000&Prime; content_font_size=\u00a0\u00bb30px\u00a0\u00bb content_font_size_tablet=\u00a0\u00bb16px\u00a0\u00bb content_font_size_phone=\u00a0\u00bb14px\u00a0\u00bb content_font_size_last_edited=\u00a0\u00bbon|phone\u00a0\u00bb content_line_height=\u00a0\u00bb2em\u00a0\u00bb content_text_shadow_style=\u00a0\u00bbpreset2&Prime; background_color=\u00a0\u00bbrgba(255,255,255,0)\u00a0\u00bb background_color_gradient_direction=\u00a0\u00bb336deg\u00a0\u00bb custom_button_two=\u00a0\u00bbon\u00a0\u00bb button_two_text_size=\u00a0\u00bb18px\u00a0\u00bb button_two_text_color=\u00a0\u00bb#ffffff\u00a0\u00bb button_two_bg_color=\u00a0\u00bb#557df3&Prime; button_two_border_width=\u00a0\u00bb10px\u00a0\u00bb button_two_border_color=\u00a0\u00bb#557df3&Prime; button_two_border_radius=\u00a0\u00bb0px\u00a0\u00bb button_two_font=\u00a0\u00bbUbuntu|700|||||||\u00a0\u00bb custom_button_one=\u00a0\u00bbon\u00a0\u00bb button_one_text_size=\u00a0\u00bb18px\u00a0\u00bb button_one_text_color=\u00a0\u00bb#ffffff\u00a0\u00bb button_one_bg_color=\u00a0\u00bb#f2835a\u00a0\u00bb button_one_bg_color_gradient_start=\u00a0\u00bb#f2835a\u00a0\u00bb button_one_bg_color_gradient_end=\u00a0\u00bb#fab993&Prime; button_one_bg_color_gradient_direction=\u00a0\u00bb90deg\u00a0\u00bb button_one_bg_color_gradient_overlays_image=\u00a0\u00bbon\u00a0\u00bb button_one_border_width=\u00a0\u00bb10px\u00a0\u00bb button_one_border_color=\u00a0\u00bb#f2835a\u00a0\u00bb button_one_border_radius=\u00a0\u00bb0px\u00a0\u00bb button_one_font=\u00a0\u00bbUbuntu|700|||||||\u00a0\u00bb button_one_text_size_last_edited=\u00a0\u00bbon|desktop\u00a0\u00bb background_layout=\u00a0\u00bblight\u00a0\u00bb custom_padding=\u00a0\u00bb6vw||6vw||true\u00a0\u00bb custom_padding_tablet=\u00a0\u00bb||||false\u00a0\u00bb custom_padding_phone=\u00a0\u00bb3vw||3vw||true\u00a0\u00bb custom_padding_last_edited=\u00a0\u00bbon|phone\u00a0\u00bb animation_style=\u00a0\u00bbfade\u00a0\u00bb button_one_border_radius_hover=\u00a0\u00bb0px\u00a0\u00bb button_two_border_radius_hover=\u00a0\u00bb0px\u00a0\u00bb button_one_text_size__hover_enabled=\u00a0\u00bboff\u00a0\u00bb button_two_text_size__hover_enabled=\u00a0\u00bboff\u00a0\u00bb button_one_text_color__hover_enabled=\u00a0\u00bboff\u00a0\u00bb button_two_text_color__hover_enabled=\u00a0\u00bboff\u00a0\u00bb button_one_border_width__hover_enabled=\u00a0\u00bboff\u00a0\u00bb button_two_border_width__hover_enabled=\u00a0\u00bboff\u00a0\u00bb button_one_border_color__hover_enabled=\u00a0\u00bboff\u00a0\u00bb button_two_border_color__hover_enabled=\u00a0\u00bboff\u00a0\u00bb button_one_border_radius__hover_enabled=\u00a0\u00bbon\u00a0\u00bb button_one_border_radius__hover=\u00a0\u00bb0px\u00a0\u00bb button_two_border_radius__hover_enabled=\u00a0\u00bbon\u00a0\u00bb button_two_border_radius__hover=\u00a0\u00bb0px\u00a0\u00bb button_one_letter_spacing__hover_enabled=\u00a0\u00bboff\u00a0\u00bb button_two_letter_spacing__hover_enabled=\u00a0\u00bboff\u00a0\u00bb button_one_bg_color__hover_enabled=\u00a0\u00bboff\u00a0\u00bb button_two_bg_color__hover_enabled=\u00a0\u00bboff\u00a0\u00bb]<\/p>\n<p>&nbsp;<\/p>\n<p>&nbsp;<\/p>\n<p>&nbsp;<\/p>\n<p>[\/et_pb_fullwidth_header][\/et_pb_section][et_pb_section fb_built=\u00a0\u00bb1&Prime; admin_label=\u00a0\u00bbAbout Us\u00a0\u00bb _builder_version=\u00a0\u00bb3.21.1&Prime; custom_padding=\u00a0\u00bb15px|0px|0|0px|false|false\u00a0\u00bb][et_pb_row _builder_version=\u00a0\u00bb3.12.2&Prime;][et_pb_column type=\u00a0\u00bb2_3&Prime; _builder_version=\u00a0\u00bb3.0.47&Prime;][et_pb_text _builder_version=\u00a0\u00bb3.21.1&Prime; text_font=\u00a0\u00bb||||||||\u00a0\u00bb text_font_size=\u00a0\u00bb15px\u00a0\u00bb text_line_height=\u00a0\u00bb2em\u00a0\u00bb ul_font=\u00a0\u00bb|700|||||||\u00a0\u00bb ul_line_height=\u00a0\u00bb2em\u00a0\u00bb ol_font=\u00a0\u00bb||||||||\u00a0\u00bb header_font=\u00a0\u00bb||||||||\u00a0\u00bb header_2_font=\u00a0\u00bbUbuntu|700|||||||\u00a0\u00bb header_2_text_color=\u00a0\u00bb#000000&Prime; header_2_font_size=\u00a0\u00bb51px\u00a0\u00bb header_2_font_size_phone=\u00a0\u00bb24px\u00a0\u00bb header_2_font_size_last_edited=\u00a0\u00bbon|phone\u00a0\u00bb header_2_line_height=\u00a0\u00bb1.7em\u00a0\u00bb header_3_font=\u00a0\u00bb||||||||\u00a0\u00bb header_4_font=\u00a0\u00bb||||||||\u00a0\u00bb header_5_font=\u00a0\u00bb||||||||\u00a0\u00bb header_6_font=\u00a0\u00bb||||||||\u00a0\u00bb animation_style=\u00a0\u00bbfade\u00a0\u00bb]<\/p>\n<h2>Une histoire de confiance<\/h2>\n<p style=\"text-align: justify;\"><span style=\"color: #000000;\"><strong>Depuis plus de 30 ans, nous avons d\u00e9velopp\u00e9 une relation durable et de confiance avec nos nombreux clients quant \u00e0 la qualit\u00e9 de nos produits et le s\u00e9rieux de notre savoir-faire.<\/strong><\/span><\/p>\n<p style=\"text-align: justify;\"><span style=\"color: #000000;\"><strong>Gr\u00e2ce \u00e0 notre exp\u00e9rience et notre expertise, nous nous assurons que l&rsquo;image de votre entreprise, la s\u00e9curit\u00e9 de vos employ\u00e9s et votre programme d&rsquo;uniformes seront \u00e0 leur niveau maximal, et ce, tous les jours.<\/strong><\/span><\/p>\n<p style=\"text-align: justify;\"><span style=\"color: #000000;\"><strong>Nous offrons \u00e0 nos clients des solutions de programmes cl\u00e9s en main \u00e9liminant le stress et le souci d&rsquo;une gestion de nettoyage. Nous utilisons \u00e9galement une technologie de codes \u00e0 barres pour une meilleure pr\u00e9cision du suivi des uniformes.<\/strong><\/span><\/p>\n<p style=\"text-align: justify;\"><span style=\"color: #000000;\"><strong>Que ce soit avec de grandes entreprises dans le secteurs de l&rsquo;aci\u00e9rie, la fonderie, la p\u00e9trochimie, la raffinerie, de l&rsquo;\u00e9nergie ou de plusieurs autres industries lourdes ou bien avec la client\u00e8le particuli\u00e8re nous avons l&rsquo;expertise et les comp\u00e9tences pour surpasser vos attentes.<\/strong><\/span><\/p>\n<p style=\"text-align: justify;\"><span style=\"font-size: 15px; color: #000000;\"><strong>Nous oeuvrons \u00e9galement avec des partenaires dans le secteur public tel les Municipalit\u00e9s, les corps Policiers, les pompiers et les \u00e9tablissements scolaires.\u00a0<\/strong><\/span><\/p>\n<p style=\"text-align: justify;\"><span style=\"color: #000000;\"><strong>Nous avons une \u00e9quipe courtoise, comp\u00e9tente et accessible.<\/strong><\/span><\/p>\n<p style=\"text-align: justify;\"><span style=\"color: #000000;\"><strong>Tous le monde est bienvenue chez Michon Industriel !<\/strong><\/span><\/p>\n<p style=\"text-align: justify;\"><span style=\"font-size: 15px; color: #000000;\"><strong>\u00a0<\/strong><\/span><\/p>\n<p>[\/et_pb_text][et_pb_image src=\u00a0\u00bbhttp:\/\/michonindustriel.com\/wp-content\/uploads\/2019\/03\/IMG_2656-2.jpg\u00a0\u00bb align=\u00a0\u00bbcenter\u00a0\u00bb _builder_version=\u00a0\u00bb3.21.1&Prime; animation_style=\u00a0\u00bbzoom\u00a0\u00bb][\/et_pb_image][et_pb_slider _builder_version=\u00a0\u00bb3.21.1&Prime; background_image=\u00a0\u00bbhttp:\/\/michonindustriel.com\/wp-content\/uploads\/2019\/03\/IMG_2328-e1553217023939.jpg\u00a0\u00bb background_size=\u00a0\u00bbcontain\u00a0\u00bb][\/et_pb_slider][et_pb_text text_font_size=\u00a0\u00bb23px\u00a0\u00bb text_line_height=\u00a0\u00bb1.8em\u00a0\u00bb text_text_shadow_style=\u00a0\u00bbpreset1&Prime; text_orientation=\u00a0\u00bbcenter\u00a0\u00bb _builder_version=\u00a0\u00bb3.21.1&Prime; text_font=\u00a0\u00bb||||||||\u00a0\u00bb text_text_color=\u00a0\u00bb#000000&Prime;]<\/p>\n<p><span style=\"color: #000000;\"><strong>Un \u00e9norme MERCI \u00e0 tous\u00a0nos partenaires pour leur fid\u00e9lit\u00e9 et leur confiance depuis plus de 30 ans\u00a0\u00a0<\/strong><\/span><\/p>\n<p>[\/et_pb_text][et_pb_slider _builder_version=\u00a0\u00bb3.21.1&Prime;][\/et_pb_slider][\/et_pb_column][et_pb_column type=\u00a0\u00bb1_3&Prime; _builder_version=\u00a0\u00bb3.0.47&Prime;][et_pb_image src=\u00a0\u00bbhttp:\/\/michonindustriel.com\/wp-content\/uploads\/2019\/04\/acier-richelieu.jpg\u00a0\u00bb url=\u00a0\u00bbhttp:\/\/aciers-richelieu.com\/\u00a0\u00bb _builder_version=\u00a0\u00bb3.21.1&Prime; custom_padding=\u00a0\u00bb0px||0px\u00a0\u00bb][\/et_pb_image][et_pb_image src=\u00a0\u00bbhttp:\/\/michonindustriel.com\/wp-content\/uploads\/2019\/03\/arcelormittal-logo2.jpg\u00a0\u00bb url=\u00a0\u00bbhttps:\/\/corporate.arcelormittal.com\/\u00a0\u00bb show_bottom_space=\u00a0\u00bboff\u00a0\u00bb _builder_version=\u00a0\u00bb3.21.1&Prime; custom_margin=\u00a0\u00bb0px||0px\u00a0\u00bb custom_padding=\u00a0\u00bb0px||0px\u00a0\u00bb][\/et_pb_image][et_pb_image src=\u00a0\u00bbhttp:\/\/michonindustriel.com\/wp-content\/uploads\/2019\/04\/gdm.jpg\u00a0\u00bb url=\u00a0\u00bbhttp:\/\/constructiongdm.ca\/\u00a0\u00bb _builder_version=\u00a0\u00bb3.21.1&Prime; custom_padding=\u00a0\u00bb0px||0px\u00a0\u00bb][\/et_pb_image][et_pb_image src=\u00a0\u00bbhttp:\/\/michonindustriel.com\/wp-content\/uploads\/2019\/03\/bp_large.jpg\u00a0\u00bb url=\u00a0\u00bbhttps:\/\/bpcan.com\/\u00a0\u00bb show_bottom_space=\u00a0\u00bboff\u00a0\u00bb _builder_version=\u00a0\u00bb3.21.1&Prime; custom_margin=\u00a0\u00bb0px||0px\u00a0\u00bb custom_padding=\u00a0\u00bb0px||0px\u00a0\u00bb][\/et_pb_image][et_pb_image src=\u00a0\u00bbhttp:\/\/michonindustriel.com\/wp-content\/uploads\/2019\/04\/REFRABEC_logo_coul.png\u00a0\u00bb url=\u00a0\u00bbhttps:\/\/refrabec.qc.ca\/\u00a0\u00bb show_bottom_space=\u00a0\u00bboff\u00a0\u00bb _builder_version=\u00a0\u00bb3.21.1&Prime; custom_margin=\u00a0\u00bb0px||0px\u00a0\u00bb custom_padding=\u00a0\u00bb0px||20px\u00a0\u00bb][\/et_pb_image][et_pb_image src=\u00a0\u00bbhttp:\/\/michonindustriel.com\/wp-content\/uploads\/2019\/04\/Cepsa_Logo.png\u00a0\u00bb url=\u00a0\u00bbhttps:\/\/www.cepsa.com\/en\u00a0\u00bb _builder_version=\u00a0\u00bb3.21.1&Prime; custom_padding=\u00a0\u00bb0px||\u00a0\u00bb][\/et_pb_image][et_pb_image src=\u00a0\u00bbhttp:\/\/michonindustriel.com\/wp-content\/uploads\/2019\/04\/hydro-quebec_logo.jpg\u00a0\u00bb url=\u00a0\u00bbhttp:\/\/www.hydroquebec.com\/residentiel\/\u00a0\u00bb _builder_version=\u00a0\u00bb3.21.1&Prime; custom_padding=\u00a0\u00bb10px||0px\u00a0\u00bb][\/et_pb_image][et_pb_image src=\u00a0\u00bbhttp:\/\/michonindustriel.com\/wp-content\/uploads\/2019\/04\/lamt.png\u00a0\u00bb url=\u00a0\u00bbhttp:\/\/www.lamt.ca\/\u00a0\u00bb _builder_version=\u00a0\u00bb3.21.1&Prime; custom_padding=\u00a0\u00bb0px||\u00a0\u00bb][\/et_pb_image][et_pb_image src=\u00a0\u00bbhttp:\/\/michonindustriel.com\/wp-content\/uploads\/2019\/04\/forge-sorel.jpg\u00a0\u00bb url=\u00a0\u00bbhttp:\/\/www.sorelforge.com\/\u00a0\u00bb _builder_version=\u00a0\u00bb3.21.1&Prime; custom_padding=\u00a0\u00bb5px||25px\u00a0\u00bb][\/et_pb_image][et_pb_image src=\u00a0\u00bbhttp:\/\/michonindustriel.com\/wp-content\/uploads\/2019\/04\/kildair-service_owler_20160227_013538_large.png\u00a0\u00bb url=\u00a0\u00bbhttp:\/\/kildair.com\/fra\/index.html\u00a0\u00bb _builder_version=\u00a0\u00bb3.21.1&Prime; custom_padding=\u00a0\u00bb0px||15px\u00a0\u00bb][\/et_pb_image][\/et_pb_column][\/et_pb_row][et_pb_row _builder_version=\u00a0\u00bb3.21.1&Prime;][et_pb_column type=\u00a0\u00bb4_4&Prime; _builder_version=\u00a0\u00bb3.21.1&Prime;][et_pb_social_media_follow _builder_version=\u00a0\u00bb3.21.1&Prime; text_orientation=\u00a0\u00bbcenter\u00a0\u00bb][et_pb_social_media_follow_network social_network=\u00a0\u00bbfacebook\u00a0\u00bb url=\u00a0\u00bbhttps:\/\/www.facebook.com\/pg\/Michon-Industriel-220934001448056\/photos\/?ref=page_internal\u00a0\u00bb _builder_version=\u00a0\u00bb3.21.1&Prime; background_color=\u00a0\u00bb#3b5998&Prime; follow_button=\u00a0\u00bboff\u00a0\u00bb url_new_window=\u00a0\u00bbon\u00a0\u00bb]facebook[\/et_pb_social_media_follow_network][\/et_pb_social_media_follow][\/et_pb_column][\/et_pb_row][\/et_pb_section]<\/p>\n","protected":false},"excerpt":{"rendered":"<p>&nbsp; &nbsp; &nbsp;Une histoire de confiance Depuis plus de 30 ans, nous avons d\u00e9velopp\u00e9 une relation durable et de confiance avec nos nombreux clients quant \u00e0 la qualit\u00e9 de nos produits et le s\u00e9rieux de notre savoir-faire. Gr\u00e2ce \u00e0 notre exp\u00e9rience et notre expertise, nous nous assurons que l&rsquo;image de votre entreprise, la s\u00e9curit\u00e9 de [&hellip;]<\/p>\n","protected":false},"author":1,"featured_media":0,"parent":0,"menu_order":0,"comment_status":"closed","ping_status":"closed","template":"","meta":{"_et_pb_use_builder":"on","_et_pb_old_content":"","_et_gb_content_width":"","footnotes":""},"_links":{"self":[{"href":"https:\/\/michonindustriel.com\/index.php?rest_route=\/wp\/v2\/pages\/31"}],"collection":[{"href":"https:\/\/michonindustriel.com\/index.php?rest_route=\/wp\/v2\/pages"}],"about":[{"href":"https:\/\/michonindustriel.com\/index.php?rest_route=\/wp\/v2\/types\/page"}],"author":[{"embeddable":true,"href":"https:\/\/michonindustriel.com\/index.php?rest_route=\/wp\/v2\/users\/1"}],"replies":[{"embeddable":true,"href":"https:\/\/michonindustriel.com\/index.php?rest_route=%2Fwp%2Fv2%2Fcomments&post=31"}],"version-history":[{"count":31,"href":"https:\/\/michonindustriel.com\/index.php?rest_route=\/wp\/v2\/pages\/31\/revisions"}],"predecessor-version":[{"id":741,"href":"https:\/\/michonindustriel.com\/index.php?rest_route=\/wp\/v2\/pages\/31\/revisions\/741"}],"wp:attachment":[{"href":"https:\/\/michonindustriel.com\/index.php?rest_route=%2Fwp%2Fv2%2Fmedia&parent=31"}],"curies":[{"name":"wp","href":"https:\/\/api.w.org\/{rel}","templated":true}]}}