{"id":45,"date":"2019-03-20T19:40:56","date_gmt":"2019-03-20T19:40:56","guid":{"rendered":"http:\/\/michonindustriel.com\/?page_id=45"},"modified":"2019-04-18T20:24:01","modified_gmt":"2019-04-18T20:24:01","slug":"chiffons-et-tapis","status":"publish","type":"page","link":"https:\/\/michonindustriel.com\/?page_id=45","title":{"rendered":"Chiffons, tapis et gants"},"content":{"rendered":"<p>[et_pb_section fb_built=\u00a0\u00bb1&Prime; fullwidth=\u00a0\u00bbon\u00a0\u00bb admin_label=\u00a0\u00bbHeader\u00a0\u00bb _builder_version=\u00a0\u00bb3.21.1&Prime; background_image=\u00a0\u00bbhttp:\/\/michonindustriel.com\/wp-content\/uploads\/2019\/03\/tapis-accueil-tapis-grattant-1.jpg\u00a0\u00bb custom_margin=\u00a0\u00bb|||\u00a0\u00bb custom_padding=\u00a0\u00bb|||\u00a0\u00bb][et_pb_fullwidth_header title=\u00a0\u00bbChiffons, tapis et gants\u00a0\u00bb button_one_url=\u00a0\u00bb#\u00a0\u00bb button_two_url=\u00a0\u00bb#\u00a0\u00bb scroll_down_icon_size_last_edited=\u00a0\u00bbon|phone\u00a0\u00bb _builder_version=\u00a0\u00bb3.21.1&Prime; title_font=\u00a0\u00bbUbuntu|700|||||||\u00a0\u00bb title_text_color=\u00a0\u00bb#000000&Prime; title_font_size=\u00a0\u00bb70px\u00a0\u00bb title_font_size_tablet=\u00a0\u00bb35px\u00a0\u00bb title_font_size_phone=\u00a0\u00bb25px\u00a0\u00bb title_font_size_last_edited=\u00a0\u00bbon|phone\u00a0\u00bb title_line_height=\u00a0\u00bb1.2em\u00a0\u00bb content_font=\u00a0\u00bb|600|||||||\u00a0\u00bb content_text_color=\u00a0\u00bb#000000&Prime; content_font_size=\u00a0\u00bb30px\u00a0\u00bb content_font_size_tablet=\u00a0\u00bb16px\u00a0\u00bb content_font_size_phone=\u00a0\u00bb14px\u00a0\u00bb content_font_size_last_edited=\u00a0\u00bbon|phone\u00a0\u00bb content_line_height=\u00a0\u00bb2em\u00a0\u00bb content_text_shadow_style=\u00a0\u00bbpreset2&Prime; background_color=\u00a0\u00bbrgba(255,255,255,0)\u00a0\u00bb use_background_color_gradient=\u00a0\u00bbon\u00a0\u00bb background_color_gradient_start=\u00a0\u00bbrgba(255,255,255,0)\u00a0\u00bb background_color_gradient_end=\u00a0\u00bb#ffffff\u00a0\u00bb background_color_gradient_direction=\u00a0\u00bb215deg\u00a0\u00bb background_color_gradient_start_position=\u00a0\u00bb40%\u00a0\u00bb custom_button_two=\u00a0\u00bbon\u00a0\u00bb button_two_text_size=\u00a0\u00bb18px\u00a0\u00bb button_two_text_color=\u00a0\u00bb#ffffff\u00a0\u00bb button_two_bg_color=\u00a0\u00bb#557df3&Prime; button_two_border_width=\u00a0\u00bb10px\u00a0\u00bb button_two_border_color=\u00a0\u00bb#557df3&Prime; button_two_border_radius=\u00a0\u00bb0px\u00a0\u00bb button_two_font=\u00a0\u00bbUbuntu|700|||||||\u00a0\u00bb custom_button_one=\u00a0\u00bbon\u00a0\u00bb button_one_text_size=\u00a0\u00bb18px\u00a0\u00bb button_one_text_color=\u00a0\u00bb#ffffff\u00a0\u00bb button_one_bg_color=\u00a0\u00bb#f2835a\u00a0\u00bb button_one_bg_color_gradient_start=\u00a0\u00bb#f2835a\u00a0\u00bb button_one_bg_color_gradient_end=\u00a0\u00bb#fab993&Prime; button_one_bg_color_gradient_direction=\u00a0\u00bb90deg\u00a0\u00bb button_one_bg_color_gradient_overlays_image=\u00a0\u00bbon\u00a0\u00bb button_one_border_width=\u00a0\u00bb10px\u00a0\u00bb button_one_border_color=\u00a0\u00bb#f2835a\u00a0\u00bb button_one_border_radius=\u00a0\u00bb0px\u00a0\u00bb button_one_font=\u00a0\u00bbUbuntu|700|||||||\u00a0\u00bb button_one_text_size_last_edited=\u00a0\u00bbon|desktop\u00a0\u00bb background_layout=\u00a0\u00bblight\u00a0\u00bb custom_padding=\u00a0\u00bb6vw||6vw||true\u00a0\u00bb custom_padding_tablet=\u00a0\u00bb||||false\u00a0\u00bb custom_padding_phone=\u00a0\u00bb3vw||3vw||true\u00a0\u00bb custom_padding_last_edited=\u00a0\u00bbon|phone\u00a0\u00bb animation_style=\u00a0\u00bbfade\u00a0\u00bb button_one_border_radius_hover=\u00a0\u00bb0px\u00a0\u00bb button_two_border_radius_hover=\u00a0\u00bb0px\u00a0\u00bb button_one_text_size__hover_enabled=\u00a0\u00bboff\u00a0\u00bb button_two_text_size__hover_enabled=\u00a0\u00bboff\u00a0\u00bb button_one_text_color__hover_enabled=\u00a0\u00bboff\u00a0\u00bb button_two_text_color__hover_enabled=\u00a0\u00bboff\u00a0\u00bb button_one_border_width__hover_enabled=\u00a0\u00bboff\u00a0\u00bb button_two_border_width__hover_enabled=\u00a0\u00bboff\u00a0\u00bb button_one_border_color__hover_enabled=\u00a0\u00bboff\u00a0\u00bb button_two_border_color__hover_enabled=\u00a0\u00bboff\u00a0\u00bb button_one_border_radius__hover_enabled=\u00a0\u00bbon\u00a0\u00bb button_one_border_radius__hover=\u00a0\u00bb0px\u00a0\u00bb button_two_border_radius__hover_enabled=\u00a0\u00bbon\u00a0\u00bb button_two_border_radius__hover=\u00a0\u00bb0px\u00a0\u00bb button_one_letter_spacing__hover_enabled=\u00a0\u00bboff\u00a0\u00bb button_two_letter_spacing__hover_enabled=\u00a0\u00bboff\u00a0\u00bb button_one_bg_color__hover_enabled=\u00a0\u00bboff\u00a0\u00bb button_two_bg_color__hover_enabled=\u00a0\u00bboff\u00a0\u00bb]<\/p>\n<p>Vente, location et entretien<\/p>\n<p>&nbsp;<\/p>\n<p>[\/et_pb_fullwidth_header][\/et_pb_section][et_pb_section fb_built=\u00a0\u00bb1&Prime; admin_label=\u00a0\u00bbServices\u00a0\u00bb _builder_version=\u00a0\u00bb3.12.2&Prime; custom_padding=\u00a0\u00bb54px|0px|0|0px|false|false\u00a0\u00bb][et_pb_row custom_padding=\u00a0\u00bb0|0px|0|0px|true|false\u00a0\u00bb custom_margin=\u00a0\u00bb||20px|\u00a0\u00bb make_equal=\u00a0\u00bbon\u00a0\u00bb bg_img_2=\u00a0\u00bbhttp:\/\/michonindustriel.com\/wp-content\/uploads\/2019\/03\/CHIFFONS-fi8931696x450.jpg\u00a0\u00bb padding_top_bottom_link_1=\u00a0\u00bbtrue\u00a0\u00bb padding_left_right_link_1=\u00a0\u00bbtrue\u00a0\u00bb background_size_2=\u00a0\u00bbcontain\u00a0\u00bb background_repeat_2=\u00a0\u00bbrepeat-x\u00a0\u00bb padding_top_1=\u00a0\u00bb60px\u00a0\u00bb padding_right_1=\u00a0\u00bb5%\u00a0\u00bb padding_bottom_1=\u00a0\u00bb60px\u00a0\u00bb padding_left_1=\u00a0\u00bb5%\u00a0\u00bb padding_1_tablet=\u00a0\u00bb0%||0%||true\u00a0\u00bb padding_1_phone=\u00a0\u00bb0%||0%|\u00a0\u00bb padding_1_last_edited=\u00a0\u00bboff|desktop\u00a0\u00bb _builder_version=\u00a0\u00bb3.21.1&Prime; background_color=\u00a0\u00bb#557df3&Prime; use_background_color_gradient=\u00a0\u00bbon\u00a0\u00bb background_color_gradient_start=\u00a0\u00bb#080f8c\u00a0\u00bb background_color_gradient_end=\u00a0\u00bb#8ce8ff\u00a0\u00bb background_color_gradient_direction=\u00a0\u00bb90deg\u00a0\u00bb animation_style=\u00a0\u00bbslide\u00a0\u00bb animation_direction=\u00a0\u00bbleft\u00a0\u00bb animation_intensity_slide=\u00a0\u00bb2%\u00a0\u00bb][et_pb_column type=\u00a0\u00bb2_3&Prime; _builder_version=\u00a0\u00bb3.0.47&Prime;][et_pb_text _builder_version=\u00a0\u00bb3.21.1&Prime; text_font=\u00a0\u00bb||||||||\u00a0\u00bb text_font_size=\u00a0\u00bb18px\u00a0\u00bb text_line_height=\u00a0\u00bb2em\u00a0\u00bb ul_font=\u00a0\u00bb|700|||||||\u00a0\u00bb ul_line_height=\u00a0\u00bb2em\u00a0\u00bb ol_font=\u00a0\u00bb||||||||\u00a0\u00bb header_font=\u00a0\u00bb||||||||\u00a0\u00bb header_2_font=\u00a0\u00bbUbuntu|700|||||||\u00a0\u00bb header_2_font_size=\u00a0\u00bb40px\u00a0\u00bb header_2_font_size_phone=\u00a0\u00bb24px\u00a0\u00bb header_2_font_size_last_edited=\u00a0\u00bbon|phone\u00a0\u00bb header_2_line_height=\u00a0\u00bb1.4em\u00a0\u00bb header_3_font=\u00a0\u00bb||||||||\u00a0\u00bb header_4_font=\u00a0\u00bb||||||||\u00a0\u00bb header_5_font=\u00a0\u00bb||||||||\u00a0\u00bb header_6_font=\u00a0\u00bb||||||||\u00a0\u00bb background_layout=\u00a0\u00bbdark\u00a0\u00bb]<\/p>\n<h2><strong>Chiffons<\/strong><\/h2>\n<p><strong>Vous avez besoin de chiffons industriels r\u00e9utilisables ?<\/strong><\/p>\n<p><span style=\"font-size: 15px;\"><strong>Nous vous proposons 3 types de services\u00a0<\/strong><\/span><\/p>\n<ul>\n<li><strong>la vente<\/strong><\/li>\n<li><strong>la location<\/strong><\/li>\n<li><strong>l&rsquo;entretien face aux diff\u00e9rents contaminants qui peuvent s&rsquo;y impr\u00e9gner<\/strong><\/li>\n<\/ul>\n<p>[\/et_pb_text][\/et_pb_column][et_pb_column type=\u00a0\u00bb1_3&Prime; _builder_version=\u00a0\u00bb3.0.47&Prime;][et_pb_divider show_divider=\u00a0\u00bboff\u00a0\u00bb height=\u00a0\u00bb300px\u00a0\u00bb _builder_version=\u00a0\u00bb3.19.17&Prime;][\/et_pb_divider][\/et_pb_column][\/et_pb_row][et_pb_row custom_padding=\u00a0\u00bb0|0px|0|0px|true|false\u00a0\u00bb custom_margin=\u00a0\u00bb||20px|\u00a0\u00bb make_equal=\u00a0\u00bbon\u00a0\u00bb padding_top_bottom_link_1=\u00a0\u00bbtrue\u00a0\u00bb padding_left_right_link_1=\u00a0\u00bbtrue\u00a0\u00bb background_size_2=\u00a0\u00bbcontain\u00a0\u00bb background_repeat_2=\u00a0\u00bbrepeat-x\u00a0\u00bb padding_top_1=\u00a0\u00bb60px\u00a0\u00bb padding_right_1=\u00a0\u00bb5%\u00a0\u00bb padding_bottom_1=\u00a0\u00bb60px\u00a0\u00bb padding_left_1=\u00a0\u00bb5%\u00a0\u00bb padding_1_tablet=\u00a0\u00bb0%||0%||true\u00a0\u00bb padding_1_phone=\u00a0\u00bb0%||0%|\u00a0\u00bb padding_1_last_edited=\u00a0\u00bboff|desktop\u00a0\u00bb _builder_version=\u00a0\u00bb3.21.1&Prime; background_color=\u00a0\u00bb#557df3&Prime; use_background_color_gradient=\u00a0\u00bbon\u00a0\u00bb background_color_gradient_start=\u00a0\u00bb#080f8c\u00a0\u00bb background_color_gradient_end=\u00a0\u00bb#8ce8ff\u00a0\u00bb background_color_gradient_direction=\u00a0\u00bb90deg\u00a0\u00bb animation_style=\u00a0\u00bbslide\u00a0\u00bb animation_direction=\u00a0\u00bbright\u00a0\u00bb animation_intensity_slide=\u00a0\u00bb2%\u00a0\u00bb][et_pb_column type=\u00a0\u00bb2_3&Prime; _builder_version=\u00a0\u00bb3.0.47&Prime;][et_pb_text _builder_version=\u00a0\u00bb3.21.1&Prime; text_font=\u00a0\u00bb||||||||\u00a0\u00bb text_font_size=\u00a0\u00bb18px\u00a0\u00bb text_line_height=\u00a0\u00bb2em\u00a0\u00bb ul_font=\u00a0\u00bb|700|||||||\u00a0\u00bb ul_line_height=\u00a0\u00bb2em\u00a0\u00bb ol_font=\u00a0\u00bb||||||||\u00a0\u00bb header_font=\u00a0\u00bb||||||||\u00a0\u00bb header_2_font=\u00a0\u00bbUbuntu|700|||||||\u00a0\u00bb header_2_font_size=\u00a0\u00bb40px\u00a0\u00bb header_2_font_size_phone=\u00a0\u00bb24px\u00a0\u00bb header_2_font_size_last_edited=\u00a0\u00bbon|phone\u00a0\u00bb header_2_line_height=\u00a0\u00bb1.4em\u00a0\u00bb header_3_font=\u00a0\u00bb||||||||\u00a0\u00bb header_4_font=\u00a0\u00bb||||||||\u00a0\u00bb header_5_font=\u00a0\u00bb||||||||\u00a0\u00bb header_6_font=\u00a0\u00bb||||||||\u00a0\u00bb background_layout=\u00a0\u00bbdark\u00a0\u00bb]<\/p>\n<h2>Gants de travail\u00a0<\/h2>\n<p><span><strong>Un service CL\u00c9 EN MAIN de nettoyage des gants de travailleurs est offert afin d&rsquo;opter pour une solution \u00c9CONOMIQUE ET \u00c9COLOGIQUE\u00a0\u00a0<\/strong><\/span><span style=\"font-size: 18px;\">\u00a0<\/span><\/p>\n<h2><\/h2>\n<p>[\/et_pb_text][\/et_pb_column][et_pb_column type=\u00a0\u00bb1_3&Prime; _builder_version=\u00a0\u00bb3.0.47&Prime;][et_pb_gallery gallery_ids=\u00a0\u00bb567,568,569&Prime; fullwidth=\u00a0\u00bbon\u00a0\u00bb _builder_version=\u00a0\u00bb3.21.1&Prime;][\/et_pb_gallery][\/et_pb_column][\/et_pb_row][et_pb_row custom_padding=\u00a0\u00bb0|0px|0|0px|true|false\u00a0\u00bb custom_margin=\u00a0\u00bb|||15%\u00a0\u00bb make_equal=\u00a0\u00bbon\u00a0\u00bb bg_img_1=\u00a0\u00bbhttp:\/\/michonindustriel.com\/wp-content\/uploads\/2019\/03\/31899-3680605.jpg\u00a0\u00bb padding_top_bottom_link_2=\u00a0\u00bbtrue\u00a0\u00bb padding_left_right_link_2=\u00a0\u00bbtrue\u00a0\u00bb background_size_1=\u00a0\u00bbcover\u00a0\u00bb padding_top_2=\u00a0\u00bb60px\u00a0\u00bb padding_right_2=\u00a0\u00bb5%\u00a0\u00bb padding_bottom_2=\u00a0\u00bb60px\u00a0\u00bb padding_left_2=\u00a0\u00bb5%\u00a0\u00bb padding_1_tablet=\u00a0\u00bb0%||0%||true\u00a0\u00bb padding_1_phone=\u00a0\u00bb0%||0%|\u00a0\u00bb padding_1_last_edited=\u00a0\u00bboff|desktop\u00a0\u00bb _builder_version=\u00a0\u00bb3.21.1&Prime; background_color=\u00a0\u00bb#ffffff\u00a0\u00bb use_background_color_gradient=\u00a0\u00bbon\u00a0\u00bb background_color_gradient_start=\u00a0\u00bb#1fe4f2&Prime; background_color_gradient_end=\u00a0\u00bb#1c3c8e\u00a0\u00bb background_color_gradient_direction=\u00a0\u00bb90deg\u00a0\u00bb box_shadow_style=\u00a0\u00bbpreset3&Prime; box_shadow_vertical=\u00a0\u00bb20px\u00a0\u00bb box_shadow_blur=\u00a0\u00bb250px\u00a0\u00bb box_shadow_spread=\u00a0\u00bb0px\u00a0\u00bb box_shadow_color=\u00a0\u00bbrgba(48,106,255,0.16)\u00a0\u00bb custom_margin_tablet=\u00a0\u00bb80px|||10%\u00a0\u00bb custom_margin_last_edited=\u00a0\u00bbon|phone\u00a0\u00bb animation_style=\u00a0\u00bbslide\u00a0\u00bb animation_direction=\u00a0\u00bbleft\u00a0\u00bb animation_intensity_slide=\u00a0\u00bb2%\u00a0\u00bb][et_pb_column type=\u00a0\u00bb1_3&Prime; _builder_version=\u00a0\u00bb3.0.47&Prime;][et_pb_divider show_divider=\u00a0\u00bboff\u00a0\u00bb height=\u00a0\u00bb300px\u00a0\u00bb _builder_version=\u00a0\u00bb3.12.2&Prime;][\/et_pb_divider][\/et_pb_column][et_pb_column type=\u00a0\u00bb2_3&Prime; _builder_version=\u00a0\u00bb3.0.47&Prime;][et_pb_text _builder_version=\u00a0\u00bb3.21.1&Prime; text_font=\u00a0\u00bb||||||||\u00a0\u00bb text_text_color=\u00a0\u00bb#000000&Prime; text_font_size=\u00a0\u00bb18px\u00a0\u00bb text_line_height=\u00a0\u00bb2em\u00a0\u00bb ul_font=\u00a0\u00bb|700|||||||\u00a0\u00bb ul_text_color=\u00a0\u00bb#ffffff\u00a0\u00bb ul_line_height=\u00a0\u00bb2em\u00a0\u00bb ol_font=\u00a0\u00bb||||||||\u00a0\u00bb header_font=\u00a0\u00bb||||||||\u00a0\u00bb header_2_font=\u00a0\u00bbUbuntu|700|||||||\u00a0\u00bb header_2_font_size=\u00a0\u00bb40px\u00a0\u00bb header_2_font_size_phone=\u00a0\u00bb24px\u00a0\u00bb header_2_font_size_last_edited=\u00a0\u00bbon|phone\u00a0\u00bb header_2_line_height=\u00a0\u00bb1.4em\u00a0\u00bb header_3_font=\u00a0\u00bb||||||||\u00a0\u00bb header_4_font=\u00a0\u00bb||||||||\u00a0\u00bb header_5_font=\u00a0\u00bb||||||||\u00a0\u00bb header_6_font=\u00a0\u00bb||||||||\u00a0\u00bb locked=\u00a0\u00bboff\u00a0\u00bb]<\/p>\n<h2><span style=\"color: #ffffff;\"><strong>Tapis<\/strong><\/span><\/h2>\n<div class=\"_4bl9\">\n<div class=\"_3-8x _6rde\">\n<p class=\"_4etw _1tcr\"><span style=\"color: #ffffff;\"><strong>Vous avez besoin d&rsquo;une solution cl\u00e9 en main pour l&rsquo;entretien de vos tapis?\u00a0<\/strong><\/span><\/p>\n<p class=\"_4etw _1tcr\"><span style=\"color: #ffffff;\"><strong><\/strong><\/span><\/p>\n<\/div>\n<\/div>\n<ul>\n<li><span style=\"color: #ffffff;\"><strong>vente<\/strong><\/span><\/li>\n<li><span style=\"color: #ffffff;\"><strong>location<\/strong><\/span><\/li>\n<li><span style=\"color: #ffffff;\"><strong><span style=\"color: #ffffff;\">livr\u00e9 directement \u00e0 votre place<\/span> d&rsquo;affaire<\/strong><\/span><\/li>\n<\/ul>\n<p>[\/et_pb_text][\/et_pb_column][\/et_pb_row][et_pb_row _builder_version=\u00a0\u00bb3.21.1&Prime;][et_pb_column type=\u00a0\u00bb4_4&Prime; _builder_version=\u00a0\u00bb3.21.1&Prime;][et_pb_social_media_follow _builder_version=\u00a0\u00bb3.21.1&Prime; text_orientation=\u00a0\u00bbcenter\u00a0\u00bb][et_pb_social_media_follow_network social_network=\u00a0\u00bbfacebook\u00a0\u00bb url=\u00a0\u00bbhttps:\/\/www.facebook.com\/pg\/Michon-Industriel-220934001448056\/photos\/?ref=page_internal\u00a0\u00bb _builder_version=\u00a0\u00bb3.21.1&Prime; background_color=\u00a0\u00bb#3b5998&Prime; follow_button=\u00a0\u00bboff\u00a0\u00bb url_new_window=\u00a0\u00bbon\u00a0\u00bb]facebook[\/et_pb_social_media_follow_network][\/et_pb_social_media_follow][\/et_pb_column][\/et_pb_row][\/et_pb_section]<\/p>\n","protected":false},"excerpt":{"rendered":"<p>Vente, location et entretien &nbsp;Chiffons Vous avez besoin de chiffons industriels r\u00e9utilisables ? Nous vous proposons 3 types de services\u00a0 la vente la location l&rsquo;entretien face aux diff\u00e9rents contaminants qui peuvent s&rsquo;y impr\u00e9gner Gants de travail\u00a0 Un service CL\u00c9 EN MAIN de nettoyage des gants de travailleurs est offert afin d&rsquo;opter pour une solution \u00c9CONOMIQUE [&hellip;]<\/p>\n","protected":false},"author":1,"featured_media":0,"parent":0,"menu_order":0,"comment_status":"closed","ping_status":"closed","template":"","meta":{"_et_pb_use_builder":"on","_et_pb_old_content":"","_et_gb_content_width":"","footnotes":""},"_links":{"self":[{"href":"https:\/\/michonindustriel.com\/index.php?rest_route=\/wp\/v2\/pages\/45"}],"collection":[{"href":"https:\/\/michonindustriel.com\/index.php?rest_route=\/wp\/v2\/pages"}],"about":[{"href":"https:\/\/michonindustriel.com\/index.php?rest_route=\/wp\/v2\/types\/page"}],"author":[{"embeddable":true,"href":"https:\/\/michonindustriel.com\/index.php?rest_route=\/wp\/v2\/users\/1"}],"replies":[{"embeddable":true,"href":"https:\/\/michonindustriel.com\/index.php?rest_route=%2Fwp%2Fv2%2Fcomments&post=45"}],"version-history":[{"count":23,"href":"https:\/\/michonindustriel.com\/index.php?rest_route=\/wp\/v2\/pages\/45\/revisions"}],"predecessor-version":[{"id":668,"href":"https:\/\/michonindustriel.com\/index.php?rest_route=\/wp\/v2\/pages\/45\/revisions\/668"}],"wp:attachment":[{"href":"https:\/\/michonindustriel.com\/index.php?rest_route=%2Fwp%2Fv2%2Fmedia&parent=45"}],"curies":[{"name":"wp","href":"https:\/\/api.w.org\/{rel}","templated":true}]}}